{"id":2,"date":"2025-02-11T15:47:49","date_gmt":"2025-02-11T14:47:49","guid":{"rendered":"https:\/\/rezerwacje.itclue.pl\/?page_id=2"},"modified":"2025-03-27T22:23:54","modified_gmt":"2025-03-27T21:23:54","slug":"strona-glowna","status":"publish","type":"page","link":"https:\/\/rezerwacje.itclue.pl\/","title":{"rendered":"Aplikacja do zarz\u0105dzania rezerwacjami"},"content":{"rendered":"\t\t<div data-elementor-type=\"wp-page\" data-elementor-id=\"2\" class=\"elementor elementor-2\">\n\t\t\t\t<div class=\"elementor-element elementor-element-20b35d38 e-con-full e-flex e-con e-parent\" data-id=\"20b35d38\" data-element_type=\"container\">\n\t\t\t\t<div class=\"elementor-element elementor-element-442a5ce elementor-widget elementor-widget-heading\" data-id=\"442a5ce\" data-element_type=\"widget\" data-widget_type=\"heading.default\">\n\t\t\t\t<div class=\"elementor-widget-container\">\n\t\t\t\t\t<h2 class=\"elementor-heading-title elementor-size-default\">Aplikacja do zarz\u0105dzania rezerwacjami<\/h2>\t\t\t\t<\/div>\n\t\t\t\t<\/div>\n\t\t\t\t<div class=\"elementor-element elementor-element-09389b2 elementor-widget elementor-widget-image\" data-id=\"09389b2\" data-element_type=\"widget\" data-widget_type=\"image.default\">\n\t\t\t\t<div class=\"elementor-widget-container\">\n\t\t\t\t\t\t\t\t\t\t\t\t\t\t\t<img decoding=\"async\" width=\"260\" height=\"63\" src=\"https:\/\/rezerwacje.itclue.pl\/wp-content\/uploads\/2025\/03\/logo.avif\" class=\"attachment-large size-large wp-image-61\" alt=\"\" \/>\t\t\t\t\t\t\t\t\t\t\t\t\t\t\t<\/div>\n\t\t\t\t<\/div>\n\t\t\t\t<div class=\"elementor-element elementor-element-c03283b elementor-widget__width-inherit elementor-widget elementor-widget-shortcode\" data-id=\"c03283b\" data-element_type=\"widget\" data-widget_type=\"shortcode.default\">\n\t\t\t\t<div class=\"elementor-widget-container\">\n\t\t\t\t\t\t\t<div class=\"elementor-shortcode\">    <div id=\"rp-frontend-container\">\n        <!-- Wyszukiwarka sal + przyciski do rezerwacji i przypisywania -->\n        <div id=\"rp-search-container\">\n            <input type=\"text\" id=\"rp-search-input\" placeholder=\"Wyszukaj sal\u0119...\" autocomplete=\"off\" \/>\n            <button id=\"rp-load-reservations\">Wczytaj rezerwacje z pliku Excel<\/button>\n            <!-- Nowe przyciski przypisywania -->\n            <button id=\"rp-auto-assign\">Przypisz automatycznie<\/button>\n            <button id=\"rp-manual-assign\">Przypisz r\u0119cznie<\/button>\n            <!-- Opcje wyboru dodatkowych typ\u00f3w miejsc -->\n            <label><input type=\"checkbox\" id=\"rp-option-disabled\" \/> Niepe\u0142nosprawni<\/label>\n            <label><input type=\"checkbox\" id=\"rp-option-dostawki\" \/> Dostawki<\/label>\n            <input type=\"file\" id=\"rp-res-file-input\" accept=\".xlsx,.xls\" style=\"display:none;\">\n            <div id=\"rp-search-results\"><\/div>\n        <\/div>\n\n        <!-- RZ\u0104D 1: Plan sali (lewa) + Legenda (prawa) -->\n        <div id=\"rp-row1\" class=\"rp-row\">\n            <!-- Plan sali -->\n            <div id=\"rp-plan-container\">\n                <!-- Przyciski zoom -->\n                <div id=\"rp-zoom-controls\">\n                    <button id=\"rp-zoom-in\">+<\/button>\n                    <button id=\"rp-zoom-out\">-<\/button>\n                <\/div>\n                <!-- Miejscowo\u015b\u0107 i nazwa sali (czerwona kreska, 16px) -->\n                <div id=\"rp-roomname-inside\">\n                    <div class=\"rp-info-title-row\">\n                        <div class=\"rp-info-vertical-line\"><\/div>\n                        <h2>MIEJSCOWO\u015a\u0106 I NAZWA SALI: <span id=\"rp-room-name\">-<\/span><\/h2>\n                    <\/div>\n                <\/div>\n                <div id=\"rp-plan-display\"><\/div>\n            <\/div>\n\n            <!-- Legenda MIEJSC -->\n            <div id=\"rp-legenda-container\">\n                <!-- Kontener na dropdown z godzinami -->\n                <div id=\"rp-event-time-container\"><\/div>\n                <!-- Nag\u0142\u00f3wek: czerwona kreska + LEGENDA MIEJSC -->\n                <div class=\"rp-info-title-row\">\n                    <div class=\"rp-info-vertical-line\"><\/div>\n                    <h2>LEGENDA MIEJSC<\/h2>\n                <\/div>\n                <!-- Tabela rezerwacji -->\n                <div class=\"rp-legenda-content\">\n                    <p>Tu pojawi si\u0119 tabela rezerwacji po wczytaniu pliku Excel.<\/p>\n                <\/div>\n            <\/div>\n        <\/div>\n\n        <!-- RZ\u0104D 2: INFORMACJE O SALI (lewa) + PODSUMOWANIE (\u015brodkowa) + PRZYPISANE REZERWACJE (prawa) -->\n        <div id=\"rp-row2\" class=\"rp-row\">\n            <!-- Informacje o sali -->\n            <div id=\"rp-info-col-left\">\n                <div class=\"rp-info-title-row\">\n                    <div class=\"rp-info-vertical-line\"><\/div>\n                    <h2>INFORMACJE O SALI<\/h2>\n                <\/div>\n                <p>Ilo\u015b\u0107 wszystkich miejsc na sali: <span id=\"rp-all-seats-info\">0<\/span><\/p>\n                <p>Ilo\u015b\u0107 miejsc (bez dostawek): <span id=\"rp-normal-seats-info\">0<\/span><\/p>\n                <p>Ilo\u015b\u0107 dostawek: <span id=\"rp-dostawka-seats-info\">0<\/span><\/p>\n                <p>Ilo\u015b\u0107 miejsc dla niepe\u0142nosprawnych: <span id=\"rp-disabled-seats-info\">0<\/span><\/p>\n            <\/div>\n\n            <!-- Podsumowanie -->\n            <div id=\"rp-podsumowanie-container\">\n                <div class=\"rp-info-title-row\">\n                    <div class=\"rp-info-vertical-line\"><\/div>\n                    <h2>PODSUMOWANIE<\/h2>\n                <\/div>\n                <p>Ilo\u015b\u0107 zaj\u0119tych miejsc na sali: <span id=\"rp-occupied-seats\">0<\/span><\/p>\n                <p>Ilo\u015b\u0107 miejsc (bez dostawek): <span id=\"rp-occupied-normal\">0<\/span><\/p>\n                <p>Ilo\u015b\u0107 dostawek: <span id=\"rp-occupied-dostawka\">0<\/span><\/p>\n                <p>Ilo\u015b\u0107 miejsc dla niepe\u0142nosprawnych: <span id=\"rp-occupied-disabled\">0<\/span><\/p>\n                <p>Ilo\u015b\u0107 wolnych miejsc: <span id=\"rp-free-seats\">0<\/span><\/p>\n                <p>Nadstan: <span id=\"rp-deficit-seats\">0<\/span><\/p>\n            <\/div>\n\n            <!-- Przypisane rezerwacje -->\n            <div id=\"rp-assigned-reservations-container\">\n                <div class=\"rp-info-title-row\">\n                    <div class=\"rp-info-vertical-line\"><\/div>\n                    <h2>PRZYPISANE REZERWACJE<\/h2>\n                <\/div>\n                <div class=\"rp-assigned-details\">\n                    <p>Brak przypisanych rezerwacji.<\/p>\n                <\/div>\n            <\/div>\n        <\/div>\n\n        <hr id=\"rp-info-hr\" \/>\n    <\/div>\n    <\/div>\n\t\t\t\t\t\t<\/div>\n\t\t\t\t<\/div>\n\t\t\t\t<\/div>\n\t\t\t\t<\/div>\n\t\t","protected":false},"excerpt":{"rendered":"<p>Aplikacja do zarz\u0105dzania rezerwacjami<\/p>\n","protected":false},"author":1,"featured_media":0,"parent":0,"menu_order":0,"comment_status":"closed","ping_status":"closed","template":"elementor_canvas","meta":{"footnotes":""},"class_list":["post-2","page","type-page","status-publish","hentry"],"_links":{"self":[{"href":"https:\/\/rezerwacje.itclue.pl\/index.php?rest_route=\/wp\/v2\/pages\/2","targetHints":{"allow":["GET"]}}],"collection":[{"href":"https:\/\/rezerwacje.itclue.pl\/index.php?rest_route=\/wp\/v2\/pages"}],"about":[{"href":"https:\/\/rezerwacje.itclue.pl\/index.php?rest_route=\/wp\/v2\/types\/page"}],"author":[{"embeddable":true,"href":"https:\/\/rezerwacje.itclue.pl\/index.php?rest_route=\/wp\/v2\/users\/1"}],"replies":[{"embeddable":true,"href":"https:\/\/rezerwacje.itclue.pl\/index.php?rest_route=%2Fwp%2Fv2%2Fcomments&post=2"}],"version-history":[{"count":50,"href":"https:\/\/rezerwacje.itclue.pl\/index.php?rest_route=\/wp\/v2\/pages\/2\/revisions"}],"predecessor-version":[{"id":80,"href":"https:\/\/rezerwacje.itclue.pl\/index.php?rest_route=\/wp\/v2\/pages\/2\/revisions\/80"}],"wp:attachment":[{"href":"https:\/\/rezerwacje.itclue.pl\/index.php?rest_route=%2Fwp%2Fv2%2Fmedia&parent=2"}],"curies":[{"name":"wp","href":"https:\/\/api.w.org\/{rel}","templated":true}]}}